{"id":1153,"date":"2023-03-02T08:30:13","date_gmt":"2023-03-02T07:30:13","guid":{"rendered":"https:\/\/zakladbiochemii.umed.pl\/?page_id=1153"},"modified":"2023-08-17T12:39:28","modified_gmt":"2023-08-17T10:39:28","slug":"osiagniecia","status":"publish","type":"page","link":"https:\/\/zakladbiochemii.umed.pl\/index.php\/osiagniecia\/","title":{"rendered":"Osi\u0105gni\u0119cia"},"content":{"rendered":"<p>Najnowsze publikacje oryginalne:<\/p>\n<ol>\n<li>Caban, M.; Owczarek, K.; Chojnacka, K.; Podsedek, A.; Sosnowska, D.; Lewandowska, U. Chemopreventive properties of spent hops (Humulus Lupulus L.) extract against angiogenesis, invasion and migration of colorectal cancer cells. J Physiol Pharmacol. 2022 (IF=2.589)<\/li>\n<li>Chojnacka, K.; Owczarek, K.; Caban, M.; Sosnowska, D.; Kajszczak, D.; Lewandowska, U. Chemoprotective effects of Japanese quince (Chaenomeles japonica L.) phenol leaf extract on colon cancer cells through the modulation of extracellular signal-regulated kinases\/AKT signaling pathway. J Physiol Pharmacol. 2022 (IF=2.589)<\/li>\n<li>Owczarek, K.; Sosnowska, D.; Kajszczak, D.; Lewandowska, U. Evaluation of phenolic composition, antioxidant and cytotoxic activity of aronia melanocarpa leaf extracts. J Physiol Pharmacol. 2022 (IF=2.589)<\/li>\n<li>Mazur, M.; W\u0142odarczyk, J.; \u015awierczy\u0144ski, M.; Kordek, R.; Grzybowski, M.M.; Olczak, J.; Fichna, J. The anti-inflammatory effect of acidic mammalian chitinase inhibitor OAT-177 in DSS-induced mouse model of colitis. Int. J. Mol. Sci. 2022 (IF=5.924).<\/li>\n<li>Wan, J.; Wu, T.; Liu, Y.; Yang, M.; Fichna, J.; Guo, Y.; Yin, L.; Chen, C. Mast Cells Tryptase Promotes Intestinal Fibrosis in Natural Decellularized Intestinal Scaffolds. Tissue Eng Regen Med. 2022 (IF=3.963).<\/li>\n<li>Szymaszkiewicz, A.; W\u0142odarczyk, J.; \u015awierczy\u0144ski, M.; Bartoszek, A.; Krajewska, J.; Mokrowiecka, A.; Malecka-Wojciesko, E.; Fichna, J.; Zieli\u0144ska, M. The involvement of the endogenous opioid system in the gastrointestinal aging in mice and humans. Int. J. Mol. Sci. 2022 (IF=5.924).<\/li>\n<li>Mackiewicz, T.; Jacenik, D.; Talar, M.; Fichna, J. The GPR35 expression pattern is associated with overall survival in male patients with colorectal cancer. Pharmacol Rep. 2022 (IF=3.027).<\/li>\n<li>Xia, K.; Gao, R.; Wu, X.; Sun, J.; Wan, J.; Wu, T.; Fichna, J.; Yin, L.; Chen, C. Characterization of SpecificvSignatures of the Oral Cavity, Sputum, and Ileum Microbiota in Patients With Crohn\u2019s Disease. Front. Cell. Infect. Microbiol. 2022 (IF=5.293).<\/li>\n<li>Paj\u0105k, M.; Wo\u017aniczka, M.; Lichawska, M.E.; Czerwi\u0144ski, B.; W\u0142odarczyk, J.; Fichna, J. Oxygen binding by Co(II) complexes with oxime-containing Schiff bases in solution. Int. J. Mol. Sci. 2022 (IF=5.924).<\/li>\n<li>Kopacz, A.; Kloska, D.; Fichna, J.; Klimczyk, D.; Kopec, M.; Jozkowicz, A.; Piechota-Polanczyk, A. The lack of transcriptionally active Nrf2 triggers colon dysfunction in female mice \u2013 the role of estrogens. Free Radic. Biol. Med. 2022 (IF=8.101).<\/li>\n<li>Ciszewski, W.M.; W\u0142odarczyk, J.; Chmielewska-Kassassir, M.; Fichna, J.; Wozniak, L.A.; Sobierajska, K. Evening primrose seed extract rich in polyphenols modulates the invasiveness of colon cancer cells through regulating TYMS expression. Food Funct. 2022 (IF=6.317).<\/li>\n<li>Mackiewicz, T.; W\u0142odarczyk, J.; Zieli\u0144ska, M.; W\u0142odarczyk, M.; Durczy\u0144ski, A.; Hogendorf, P.; Dziki, \u0141.; Fichna, J. Increased GPR35 expression in human colorectal and pancreatic cancer samples \u2013 a preliminary clinical validation of a new biomarker. Adv. Clin. Exp. Med. 2022 (IF=1.736).<\/li>\n<li>Soboci\u0144ska, M.; Fichna, J.; Gie\u0142do\u0144, A.; Skowron, P.; Kamysz, E. N-terminally lipidated sialorphin analogs \u2013 synthesis, molecular modeling, in vitro effect on enkephalins degradation by NEP and treatment of intestinal inflammation in mice. Int. J. Mol. Sci. 2022 (IF=5.924).<\/li>\n<li>Kang, H.; Fichna, J.; Matlawska-Wasowska, K.; Jacenik, D. The Expression Pattern of Adhesion G Protein-Coupled Re-ceptor F5 Is Related to Cell Adhesion and Metastatic Pathways in Colorectal Cancer\u2014Comprehensive Study Based on in Silico Analysis. Cells 2022 (IF=7.666).<\/li>\n<li>Lipiec, S.; Gurba, A.; Agnieszczak, I.; Szczepankiewicz, A.A.; Szyma\u0144ski, P.; Taciak, P.; Szczepaniak, R.; Szeleszczuk, \u0141.; Nieznanska, H.; W\u0142odarczyk, J.; Fichna, J.; Bialy, \u0141.P.; Mlynarczuk-Bialy, I. New gold (III) cyanide complex TGS121 induces ER stress, proteasome inhibition and death of Ras-hyperactivated cells. Toxicol. In Vitro 2023 (IF=3.685).<\/li>\n<li>Burzy\u0144ski, J.; Fichna, J.; Tarasiuk, A. Putative molecular targets for vitamin A in neutralizing oxidative stress in acute and chronic pancreatitis \u2013 a systematic review. Naunyn-Schmiedeb. Arch. Pharmacol. 2023 (IF=3.195).<\/li>\n<\/ol>\n<p>Najnowsze publikacje przegl\u0105dowe:<\/p>\n<ol>\n<li>Caban, M..; Lewandowska, U. Vitamin D, the Vitamin D Receptor, Calcitriol Analogues and Their Link with Ocular Diseases. Nutrients 2022 (IF=6.706)<\/li>\n<li>Caban, M.; Owczarek, K.; Lewandowska, U. The Role of Metalloproteinases and Their Tissue Inhibitors on Ocular Diseases: Focusing on Potential Mechanisms. Int J Mol Sci. 2022 (IF=6.208)<\/li>\n<li>Jacenik, D.; Fichna, J.; Ma\u0142ecka-Wojciesko, E.; Mokrowiecka, A. Protease-activated receptors \u2013 key regulators of inflammatory bowel diseases progression. J. Inflamm. Res. (IF=6.922).<\/li>\n<li>Gurba, A.; Taciak, P.; Sacharczuk, M.; Mlynarczuk-Bialy, I.; Bujalska-Zadrozny, M.; Fichna, J. Gold (III) derivatives in colon cancer treatment. Int. J. Mol. Sci. 2022 (IF=5.924).<\/li>\n<li>Majchrzak, K.; Dudek, P.; Talar-Wojnarowska, R.; Fichna, J. Current approach to hepatobiliary manifestations in inflammatory bowel disease. J Physiol Pharmacol. 2022 (IF=3.011).<\/li>\n<li>Twardowska, A.; Makaro, A.; Binienda, A.; Fichna, J.; Salaga, M. Preventing bacterial translocation in patients with leaky gut syndrome: nutrition and pharmacological treatment options. Int. J. Mol. Sci. 2022 (IF=5.924).<\/li>\n<li>Czerwi\u0144ski, B.; Fichna, J.; W\u0142odarczyk, J. Short chain fatty acids-microbiota crosstalk in the coronavirus disease (COVID-19). Pharmacol Rep. 2022 (IF=3.027).<\/li>\n<li>Szczepaniak, A.; Machelak, W.; Fichna, J.; Zieli\u0144ska, M. The role of kappa opioid receptors in immune system &#8211; An overview. Eur. J. Pharmacol. 2022 (IF=5.195).<\/li>\n<li>Wlodarczyk, J.; Burzy\u0144ski, J.; Czerwi\u0144ski, B.; Prusisz, M.; Soca\u0142a, K.; Poleszak, E.; Fichna, J.; Mary\u0144czak, K.; W\u0142odarczyk, M.; Dziki, \u0141. Management of pelvic pain in patients with Crohn\u2019s disease \u2013 current overview. J. Clin. Med. 2023 (IF=4.964).<\/li>\n<li>Jacenik, D.; Hikisz, P.; Beswick, E.J.; Fichna, J. The clinical relevance of the adhesion G protein-coupled receptor F5 for human diseases and cancers. Biochim. Biophys. Acta &#8211; Mol. Basis Dis. 2023 (IF=6.633)<\/li>\n<\/ol>\n","protected":false},"excerpt":{"rendered":"<p>Najnowsze publikacje oryginalne: Caban, M.; Owczarek, K.; Chojnacka, K.; Podsedek, A.; Sosnowska, D.; Lewandowska, U. Chemopreventive properties of spent hops [&hellip;]<\/p>\n","protected":false},"author":4,"featured_media":0,"parent":0,"menu_order":0,"comment_status":"closed","ping_status":"closed","template":"","meta":{"footnotes":""},"class_list":["post-1153","page","type-page","status-publish","hentry"],"_links":{"self":[{"href":"https:\/\/zakladbiochemii.umed.pl\/index.php\/wp-json\/wp\/v2\/pages\/1153","targetHints":{"allow":["GET"]}}],"collection":[{"href":"https:\/\/zakladbiochemii.umed.pl\/index.php\/wp-json\/wp\/v2\/pages"}],"about":[{"href":"https:\/\/zakladbiochemii.umed.pl\/index.php\/wp-json\/wp\/v2\/types\/page"}],"author":[{"embeddable":true,"href":"https:\/\/zakladbiochemii.umed.pl\/index.php\/wp-json\/wp\/v2\/users\/4"}],"replies":[{"embeddable":true,"href":"https:\/\/zakladbiochemii.umed.pl\/index.php\/wp-json\/wp\/v2\/comments?post=1153"}],"version-history":[{"count":3,"href":"https:\/\/zakladbiochemii.umed.pl\/index.php\/wp-json\/wp\/v2\/pages\/1153\/revisions"}],"predecessor-version":[{"id":1265,"href":"https:\/\/zakladbiochemii.umed.pl\/index.php\/wp-json\/wp\/v2\/pages\/1153\/revisions\/1265"}],"wp:attachment":[{"href":"https:\/\/zakladbiochemii.umed.pl\/index.php\/wp-json\/wp\/v2\/media?parent=1153"}],"curies":[{"name":"wp","href":"https:\/\/api.w.org\/{rel}","templated":true}]}}