{"id":1549,"date":"2025-11-12T12:52:26","date_gmt":"2025-11-12T11:52:26","guid":{"rendered":"https:\/\/zakladbiochemii.umed.pl\/?page_id=1549"},"modified":"2025-11-12T14:13:31","modified_gmt":"2025-11-12T13:13:31","slug":"kolo-naukowe","status":"publish","type":"page","link":"https:\/\/zakladbiochemii.umed.pl\/index.php\/kolo-naukowe\/","title":{"rendered":"Ko\u0142o naukowe"},"content":{"rendered":"<section class=\"kc-elm kc-css-17825 kc_row\"><div class=\"kc-row-container  kc-container\"><div class=\"kc-wrap-columns\"><div class=\"kc-elm kc-css-403774 kc_col-sm-12 kc_column kc_col-sm-12\"><div class=\"kc-col-container\"><div class=\"kc-elm kc-css-86082\" style=\"height: 40px; clear: both; width:100%;\"><\/div><div class=\"kc-elm kc-css-951383 kc_text_block\"><\/p>\n<style type=\"text\/css\">@media only screen and (min-width: 1000px) and (max-width: 5000px){body.kc-css-system .kc-css-266128{width: 100%;}body.kc-css-system .kc-css-3412079{width: 100%;}body.kc-css-system .kc-css-2690625{width: 100%;}}body.kc-css-system .kc-css-2606582 ,body.kc-css-system .kc-css-2606582 p{color: #000000;}body.kc-css-system .kc-css-2444271 ,body.kc-css-system .kc-css-2444271 p{color: #000000;text-align: left;}<\/style>\n<section class=\"kc-elm kc-css-3650439 kc_row\">\n<div class=\"kc-row-container kc-container\">\n<div class=\"kc-wrap-columns\">\n<div class=\"kc-elm kc-css-266128 kc_col-sm-12 kc_column kc_col-sm-12\">\n<div class=\"kc-col-container\">\n<div class=\"kc-elm kc-css-1308952 kc_shortcode kc_single_image\">\n<p><span style=\"font-size: 16.5pt; color: rgb(29, 35, 39); font-weight: 600; font-style: inherit;\">Studenckie Ko\u0142o Naukowe przy Zak\u0142adzie Biochemii<\/span><\/p>\n<\/div>\n<\/div>\n<\/div>\n<\/div>\n<\/div>\n<\/section>\n<p>\n<\/div><div class=\"kc-elm kc-css-246749\" style=\"height: 40px; clear: both; width:100%;\"><\/div><div class=\"kc-elm kc-css-240091 kc_text_block\"><\/p>\n<style type=\"text\/css\">@media only screen and (min-width: 1000px) and (max-width: 5000px){body.kc-css-system .kc-css-266128{width: 100%;}body.kc-css-system .kc-css-3412079{width: 100%;}body.kc-css-system .kc-css-2690625{width: 100%;}}body.kc-css-system .kc-css-2606582 ,body.kc-css-system .kc-css-2606582 p{color: #000000;}body.kc-css-system .kc-css-2444271 ,body.kc-css-system .kc-css-2444271 p{color: #000000;text-align: left;}<\/style>\n<section class=\"kc-elm kc-css-3650439 kc_row\">\n<div class=\"kc-row-container kc-container\">\n<div class=\"kc-wrap-columns\">\n<div class=\"kc-elm kc-css-266128 kc_col-sm-12 kc_column kc_col-sm-12\">\n<div class=\"kc-col-container\">\n<div class=\"kc-elm kc-css-1308952 kc_shortcode kc_single_image\">\n<p><span style=\"font-style: inherit;\">Studenckie Ko\u0142o Naukowe przy Zak\u0142adzie Biochemii Uniwersytetu Medycznego w \u0141odzi realizuje dzia\u0142alno\u015b\u0107 naukow\u0105 i dydaktyczn\u0105 w obszarze biochemii medycznej oraz gastroenterologii.<\/span><\/p>\n<\/div>\n<\/div>\n<\/div>\n<\/div>\n<\/div>\n<\/section>\n<section class=\"kc-elm kc-css-2839886 kc_row\">\n<div class=\"kc-row-container kc-container\">\n<div class=\"kc-wrap-columns\">\n<div class=\"kc-elm kc-css-3412079 kc_col-sm-12 kc_column kc_col-sm-12\">\n<div class=\"kc-col-container\">\n<div class=\"kc-elm kc-css-3190414 kc_row kc_row_inner\">\n<div class=\"kc-elm kc-css-2690625 kc_col-sm-12 kc_column_inner kc_col-sm-12\">\n<div class=\"kc_wrapper kc-col-inner-container\">\n<div class=\"kc-elm kc-css-2564458 kc_text_block\">\n<p class=\"MsoNormal\">Cz\u0142onkowie ko\u0142a realizuj\u0105 projekty naukowe dotycz\u0105ce mechanizm\u00f3w nieswoistych chor\u00f3b zapalnych jelit, biologii nowotwor\u00f3w przewodu pokarmowego oraz badania w\u0142a\u015bciwo\u015bci nowych zwi\u0105zk\u00f3w bioaktywnych. Pracujemy z wykorzystaniem zawansowanych metod biologii molekularnej, takich jak analiza RNA i bia\u0142ek, oraz hodowli kom\u00f3rkowych.<o:p><\/o:p><\/p>\n<\/p>\n<p class=\"MsoNormal\">\n<p class=\"MsoNormal\">Zapraszamy wszystkich student\u00f3w zainteresowanych pog\u0142\u0119bieniem wiedzy i zdobyciem praktyki laboratoryjnej do aktywnego udzia\u0142u w dzia\u0142alno\u015bci SKN.<\/p>\n<\/div>\n<\/div>\n<\/div>\n<\/div>\n<\/div>\n<\/div>\n<\/div>\n<\/div>\n<\/section>\n<p>\n<\/div><div class=\"kc-elm kc-css-602465\" style=\"height: 40px; clear: both; width:100%;\"><\/div><div class=\"kc-elm kc-css-360411 kc_row kc_row_inner\"><div class=\"kc-elm kc-css-269382 kc_col-sm-3 kc_column_inner kc_col-sm-3\"><div class=\"kc_wrapper kc-col-inner-container\"><div class=\"kc-elm kc-css-864545 kc_shortcode kc_single_image\">\n\n        <img decoding=\"async\" src=\"https:\/\/zakladbiochemii.umed.pl\/wp-content\/uploads\/2018\/03\/Jakub-Fichna_SKN.jpg\" class=\"\" alt=\"\" \/>    <\/div>\n<\/div><\/div><div class=\"kc-elm kc-css-737806 kc_col-sm-9 kc_column_inner kc_col-sm-9\"><div class=\"kc_wrapper kc-col-inner-container\"><div class=\"kc-elm kc-css-186581 kc_text_block\"><\/p>\n<p><span style=\"font-style: inherit;\"><b>Opiekun Ko\u0142a Naukowego<\/b><\/span><\/p>\n<p>prof. dr hab. n. med. Jakub Fichna<\/p>\n<p>Kierownik Zak\u0142adu Biochemii,\u00a0<span style=\"font-style: inherit;\">Kierownik Katedry Biochemii i Chemii<\/span><\/p>\n<p>\n<\/div><\/div><\/div><\/div><div class=\"kc-elm kc-css-131911 kc_row kc_row_inner\"><div class=\"kc-elm kc-css-681328 kc_col-sm-3 kc_column_inner kc_col-sm-3\"><div class=\"kc_wrapper kc-col-inner-container\"><div class=\"kc-elm kc-css-283067 kc_shortcode kc_single_image\">\n\n        <img decoding=\"async\" src=\"https:\/\/zakladbiochemii.umed.pl\/wp-content\/uploads\/2018\/03\/Wojciech-Jankowski_SKN.jpg\" class=\"\" alt=\"\" \/>    <\/div>\n<\/div><\/div><div class=\"kc-elm kc-css-766090 kc_col-sm-9 kc_column_inner kc_col-sm-9\"><div class=\"kc_wrapper kc-col-inner-container\"><div class=\"kc-elm kc-css-461606 kc_text_block\"><\/p>\n<p><b>Przewodnicz\u0105cy Ko\u0142a Naukowego<\/b><\/p>\n<p>Wojciech Jankowski<\/p>\n<p>Student V roku kierunku lekarskiego\u00a0<\/p>\n<p>\n<\/div><\/div><\/div><\/div><\/div><\/div><\/div><\/div><\/section>\n","protected":false},"excerpt":{"rendered":"","protected":false},"author":2,"featured_media":0,"parent":0,"menu_order":0,"comment_status":"closed","ping_status":"closed","template":"template-sections.php","meta":{"footnotes":""},"class_list":["post-1549","page","type-page","status-publish","hentry"],"_links":{"self":[{"href":"https:\/\/zakladbiochemii.umed.pl\/index.php\/wp-json\/wp\/v2\/pages\/1549","targetHints":{"allow":["GET"]}}],"collection":[{"href":"https:\/\/zakladbiochemii.umed.pl\/index.php\/wp-json\/wp\/v2\/pages"}],"about":[{"href":"https:\/\/zakladbiochemii.umed.pl\/index.php\/wp-json\/wp\/v2\/types\/page"}],"author":[{"embeddable":true,"href":"https:\/\/zakladbiochemii.umed.pl\/index.php\/wp-json\/wp\/v2\/users\/2"}],"replies":[{"embeddable":true,"href":"https:\/\/zakladbiochemii.umed.pl\/index.php\/wp-json\/wp\/v2\/comments?post=1549"}],"version-history":[{"count":20,"href":"https:\/\/zakladbiochemii.umed.pl\/index.php\/wp-json\/wp\/v2\/pages\/1549\/revisions"}],"predecessor-version":[{"id":1583,"href":"https:\/\/zakladbiochemii.umed.pl\/index.php\/wp-json\/wp\/v2\/pages\/1549\/revisions\/1583"}],"wp:attachment":[{"href":"https:\/\/zakladbiochemii.umed.pl\/index.php\/wp-json\/wp\/v2\/media?parent=1549"}],"curies":[{"name":"wp","href":"https:\/\/api.w.org\/{rel}","templated":true}]}}