{"id":217,"date":"2018-07-25T13:05:16","date_gmt":"2018-07-25T11:05:16","guid":{"rendered":"http:\/\/zakladbiochemii.umed.pl\/?page_id=217"},"modified":"2023-08-10T22:45:06","modified_gmt":"2023-08-10T20:45:06","slug":"projekt-team","status":"publish","type":"page","link":"https:\/\/zakladbiochemii.umed.pl\/index.php\/projekt-team\/","title":{"rendered":"Projekt TEAM"},"content":{"rendered":"<p><section class=\"kc-elm kc-css-307913 kc_row\"><div class=\"kc-row-container  kc-container\"><div class=\"kc-wrap-columns\"><div class=\"kc-elm kc-css-44640 kc_col-sm-12 kc_column kc_col-sm-12\"><div class=\"kc-col-container\"><div class=\"kc-elm kc-css-203336 kc_shortcode kc_single_image\">\n\n        <img decoding=\"async\" src=\"https:\/\/zakladbiochemii.umed.pl\/wp-content\/uploads\/2018\/03\/Logotypy_pasek_PL.png\" class=\"\" alt=\"\" \/>    <\/div>\n<\/div><\/div><\/div><\/div><\/section><section class=\"kc-elm kc-css-670793 kc_row\"><div class=\"kc-row-container  kc-container\"><div class=\"kc-wrap-columns\"><div class=\"kc-elm kc-css-188886 kc_col-sm-12 kc_column kc_col-sm-12\"><div class=\"kc-col-container\"><div class=\"kc-elm kc-css-239665 kc_row kc_row_inner\"><div class=\"kc-elm kc-css-147371 kc_col-sm-12 kc_column_inner kc_col-sm-12\"><div class=\"kc_wrapper kc-col-inner-container\"><div class=\"kc-elm kc-css-581732 kc_text_block\"><\/p>\n<h3 style=\"margin: 0cm 0cm 9.6pt; line-height: 18pt; background-image: initial; background-position: initial; background-size: initial; background-repeat: initial; background-attachment: initial; background-origin: initial; background-clip: initial;\"><span style=\"font-size:16.5pt; font-family:\" source=\"\" sans=\"\" pro\",sans-serif;color:#333333\"=\"\">Informacje o projekcie<o:p><\/o:p><\/span><\/h3>\n<p><strong><em>Numer projektu:<\/em><\/strong><b><i>\u00a0POIR.04.04.00-00-420C\/17-02<\/i><\/b><\/p>\n<p><strong><em>Temat projektu:\u00a0<\/em><\/strong><em>Receptory dla wolnych kwas\u00f3w t\u0142uszczowych jako cel farmakologiczny w nieswoistych chorobach zapalnych jelit: weryfikacja hipotezy i opracowanie nowych kandydat\u00f3w na leki<\/em><\/p>\n<p><strong><em>Cel projektu:<\/em><\/strong><em>\u00a0<\/em><em>opracowanie nowych terapeutyk\u00f3w przeciwko chorobie Le\u015bniowskiego-Crohna (CD) i wrzodziej\u0105cemu zapaleniu jelita grubego (UC) w oparciu o zwi\u0105zki pochodzenia naturalnego i\/lub syntetycznego wykazuj\u0105ce powinowactwo do receptor\u00f3w dla wolnych kwas\u00f3w t\u0142uszczowych (ang. free fatty acid receptors; FFAs).<\/em><\/p>\n<p><strong><em>Planowane efekty:<\/em><\/strong><em>\u00a0<\/em><em style=\"box-sizing: border-box; color: rgb(102, 102, 102); font-family: \" source=\"\" sans=\"\" pro\",=\"\" arial,=\"\" helvetica,=\"\" sans-serif;\"=\"\">Niniejszy projekt zak\u0142ada wyizolowanie i zbadanie aktywno\u015bci leczniczej zwi\u0105zk\u00f3w pochodz\u0105cych z produkt\u00f3w naturalnych, kt\u00f3re zawarte s\u0105 w diecie. Wyniki bada\u0144 mog\u0105 przyczyni\u0107 si\u0119 do stworzenia bezpiecznych terapeutyk\u00f3w, kt\u00f3re nie wykazuj\u0105 efekt\u00f3w ubocznych, a s\u0105 r\u00f3wnie skuteczne jak leki konwencjonalne. Ponadto, w celu zwi\u0119kszenia efektywno\u015bci wybrane zwi\u0105zki po\u0142\u0105czone zostan\u0105 ze zwi\u0105zkami metali (np. srebro, z\u0142oto), kt\u00f3re dzia\u0142aj\u0105 na mikroorganizmy bytuj\u0105ce w przewodzie pokarmowym eliminuj\u0105c te, kt\u00f3re przyczyniaj\u0105 si\u0119 do powstawania stanu zapalnego.\u00a0Takie po\u0142\u0105czenie mo\u017ce okaza\u0107 si\u0119 rewolucyjne i przyczyni\u0107 do poprawienia skuteczno\u015bci terapii nieswoistych chor\u00f3b zapalnych jelit i jako\u015bci \u017cycia pacjent\u00f3w na ca\u0142ym \u015bwiecie. Warto zauwa\u017cy\u0107, \u017ce dotychczas stosowane terapie s\u0105 obarczone du\u017cym ryzykiem wyst\u0105pienia efekt\u00f3w ubocznych (np. przy d\u0142ugotrwa\u0142ej terapii steroidowej) lub s\u0105 bardzo drogie i dla wielu niedost\u0119pne (np. najnowsze leki biologiczne oparte na przeciwcia\u0142ach).<\/em><\/p>\n<p><em><strong>Warto\u015b\u0107 projektu: 3 634 393,50 pln.<\/strong><\/em><\/p>\n<p>\n<\/div><\/div><\/div><\/div><div class=\"kc-elm kc-css-661610\" style=\"height: 20px; clear: both; width:100%;\"><\/div><div class=\"kc-elm kc-css-813418 kc_text_block\"><\/p>\n<h3 style=\"margin: 0cm 0cm 9.6pt; line-height: 18pt; background-image: initial; background-position: initial; background-size: initial; background-repeat: initial; background-attachment: initial; background-origin: initial; background-clip: initial;\"><span style=\"font-size:16.5pt; font-family:\" source=\"\" sans=\"\" pro\",sans-serif;color:#333333\"=\"\">Zesp\u00f3\u0142 Badawczy<o:p><\/o:p><\/span><\/h3>\n<p class=\"MsoNormal\"><em><span style=\"font-size: 10.5pt; line-height: 107%; font-family: \" segoe=\"\" ui\",=\"\" sans-serif;=\"\" color:=\"\" rgb(102,=\"\" 102,=\"\" 102);=\"\" background-image:=\"\" initial;=\"\" background-position:=\"\" background-size:=\"\" background-repeat:=\"\" background-attachment:=\"\" background-origin:=\"\" background-clip:=\"\" initial;\"=\"\">1. prof. dr hab. Jakub Fichna (Kierownik, M)<o:p><\/o:p><\/span><\/em><\/p>\n<p class=\"MsoNormal\"><em><span style=\"font-size: 10.5pt; line-height: 107%; font-family: \" segoe=\"\" ui\",=\"\" sans-serif;=\"\" color:=\"\" rgb(102,=\"\" 102,=\"\" 102);=\"\" background-image:=\"\" initial;=\"\" background-position:=\"\" background-size:=\"\" background-repeat:=\"\" background-attachment:=\"\" background-origin:=\"\" background-clip:=\"\" initial;\"=\"\">2. dr hab. Maciej Sa\u0142aga, prof. uczelni (Zast\u0119pca Kierownika, M)<o:p><\/o:p><\/span><\/em><\/p>\n<p class=\"MsoNormal\"><em><span style=\"font-size: 10.5pt; line-height: 107%; font-family: \" segoe=\"\" ui\",=\"\" sans-serif;=\"\" color:=\"\" rgb(102,=\"\" 102,=\"\" 102);=\"\" background-image:=\"\" initial;=\"\" background-position:=\"\" background-size:=\"\" background-repeat:=\"\" background-attachment:=\"\" background-origin:=\"\" background-clip:=\"\" initial;\"=\"\">3. dr Marcin Talar (post-doc, M)<o:p><\/o:p><\/span><\/em><\/p>\n<p class=\"MsoNormal\"><em><span style=\"font-size: 10.5pt; line-height: 107%; font-family: \" segoe=\"\" ui\",=\"\" sans-serif;=\"\" color:=\"\" rgb(102,=\"\" 102,=\"\" 102);=\"\" background-image:=\"\" initial;=\"\" background-position:=\"\" background-size:=\"\" background-repeat:=\"\" background-attachment:=\"\" background-origin:=\"\" background-clip:=\"\" initial;\"=\"\">4. dr Paula Mosi\u0144ska (doktorantka, K)<o:p><\/o:p><\/span><\/em><\/p>\n<p class=\"MsoNormal\"><em><span style=\"font-size: 10.5pt; line-height: 107%; font-family: \" segoe=\"\" ui\",=\"\" sans-serif;=\"\" color:=\"\" rgb(102,=\"\" 102,=\"\" 102);=\"\" background-image:=\"\" initial;=\"\" background-position:=\"\" background-size:=\"\" background-repeat:=\"\" background-attachment:=\"\" background-origin:=\"\" background-clip:=\"\" initial;\"=\"\">5. dr in\u017c. Aleksandra Tarasiuk (doktorantka oraz post-doc, K)<o:p><\/o:p><\/span><\/em><\/p>\n<p class=\"MsoNormal\"><em><span style=\"font-size: 10.5pt; line-height: 107%; font-family: \" segoe=\"\" ui\",=\"\" sans-serif;=\"\" color:=\"\" rgb(102,=\"\" 102,=\"\" 102);=\"\" background-image:=\"\" initial;=\"\" background-position:=\"\" background-size:=\"\" background-repeat:=\"\" background-attachment:=\"\" background-origin:=\"\" background-clip:=\"\" initial;\"=\"\">6. dr in\u017c. Julia Krajewska (doktorantka, K)<o:p><\/o:p><\/span><\/em><\/p>\n<p class=\"MsoNormal\"><em><span style=\"font-size: 10.5pt; line-height: 107%; font-family: \" segoe=\"\" ui\",=\"\" sans-serif;=\"\" color:=\"\" rgb(102,=\"\" 102,=\"\" 102);=\"\" background-image:=\"\" initial;=\"\" background-position:=\"\" background-size:=\"\" background-repeat:=\"\" background-attachment:=\"\" background-origin:=\"\" background-clip:=\"\" initial;\"=\"\">7. dr Adam Fabisiak (doktorant, M)<o:p><\/o:p><\/span><\/em><\/p>\n<p class=\"MsoNormal\"><em><span style=\"font-size: 10.5pt; line-height: 107%; font-family: \" segoe=\"\" ui\",=\"\" sans-serif;=\"\" color:=\"\" rgb(102,=\"\" 102,=\"\" 102);=\"\" background-image:=\"\" initial;=\"\" background-position:=\"\" background-size:=\"\" background-repeat:=\"\" background-attachment:=\"\" background-origin:=\"\" background-clip:=\"\" initial;\"=\"\">8. mgr Agata Binienda (studentka, K)<o:p><\/o:p><\/span><\/em><\/p>\n<p class=\"MsoNormal\" style=\"margin-bottom:0cm;line-height:150%\">\n<p class=\"MsoNormal\"><em><span style=\"font-size: 10.5pt; line-height: 107%; font-family: \" segoe=\"\" ui\",=\"\" sans-serif;=\"\" color:=\"\" rgb(102,=\"\" 102,=\"\" 102);=\"\" background-image:=\"\" initial;=\"\" background-position:=\"\" background-size:=\"\" background-repeat:=\"\" background-attachment:=\"\" background-origin:=\"\" background-clip:=\"\" initial;\"=\"\">9. dr Adrian Bartoszek (student, M)<o:p><\/o:p><\/span><\/em><\/p>\n<p><strong>\u00a0<\/strong><\/p>\n<p>\n<\/div><\/div><\/div><\/div><\/div><\/section><section class=\"kc-elm kc-css-411255 kc_row\"><div class=\"kc-row-container  kc-container\"><div class=\"kc-wrap-columns\"><div class=\"kc-elm kc-css-534572 kc_column kc_col-sm-12\"><div class=\"kc-col-container\"><div class=\"kc-elm kc-css-792506 kc_text_block\"><\/p>\n<h3 style=\"margin: 0cm 0cm 9.6pt; line-height: 18pt; background-image: initial; background-position: initial; background-size: initial; background-repeat: initial; background-attachment: initial; background-origin: initial; background-clip: initial;\"><span style=\"font-size:16.5pt; font-family:\" source=\"\" sans=\"\" pro\",sans-serif;color:#333333\"=\"\">Publikacje Naukowe<o:p><\/o:p><\/span><\/h3>\n<h3><strong style=\"font-size: 14px; color: rgb(68, 68, 68); font-style: inherit;\">2019 r.\u00a0<\/strong><\/h3>\n<p><em>Dietary fatty acid content influences the expression of genes involved in the lipid turnover and inflammation in mouse colon and spleen.\u00a0<\/em><span style=\"font-style: inherit;\">Paula Mosi\u0144ska,<\/span><span style=\"font-style: inherit;\">\u00a0<\/span><span style=\"font-style: inherit;\">Aleksandra Tarasiuk,<\/span><span style=\"font-style: inherit;\">\u00a0<\/span><span style=\"font-style: inherit;\">Adam Fabisiak, Julia B. Krajewska, Karolina Niewinna,<\/span><span style=\"font-style: inherit;\">\u00a0<\/span><span style=\"font-style: inherit;\">Adrian Bartoszek,\u00a0<\/span><span style=\"font-style: inherit;\">Agata Binienda, Maciej Sa\u0142aga,\u00a0<\/span><span style=\"font-style: inherit;\">Jakub Fichna. Pharmacological Reports 71 (2019) 899-908.<\/span><\/p>\n<h3><strong style=\"font-size: 14px; color: rgb(68, 68, 68); font-style: inherit;\">2020 r.<\/strong><strong><img decoding=\"async\" class=\"size-medium\" src=\"http:\/\/zakladbiochemii.umed.pl\/wp-content\/uploads\/2020\/11\/Current-Drug-Targets.pdf\" alt=\"\"><\/strong><\/h3>\n<p><em>Free Fatty Acid Receptors as New Potential Targets in Colorectal Cancer. <\/em>Adrian Bartoszek , Jakub Fichna, Aleksandra Tarasiuk , Agata Binienda, Adam Fabisiak, Julia B. Krajewska, Paula Mosi\u0144ska, Karolina Niewinna, Maciej Sa\u0142aga. Current Drug Targets 21 (2020) 1397-1404.<\/p>\n<p><em>Free Fatty Acid Receptors as new potential therapeutic target in inflammatory bowel diseases. <\/em>Adrian Bartoszek, Ee Von Moob, Agata Binienda, Adam Fabisiak, Julia B. Krajewska , Paula Mosi\u0144ska, Karolina Niewinna, Aleksandra Tarasiuk, Kirill Martemyanov, Maciej Sa\u0142aga, Jakub Fichna.<em>\u00a0<\/em>Pharmacological Research 152 (2020) 104604.<\/p>\n<p><em>Recent advances in inflammatory bowel disease therapy.<\/em> Agata Binienda, Jakub Fichna, Maciej Sa\u0142aga.<em>\u00a0<\/em>European Journal of Pharmaceutical Sciences 155 (2020) 105550.<\/p>\n<p class=\"x_MsoNormal\"><em>Expression of FFAR3 and FFAR4 Is Increased in Gastroesophageal Reflux Disease.\u00a0 <\/em>Fabisiak A, Bartoszek A, Talar M, Binienda A, Dziedziczak K, Krajewska JB, Mosi\u0144ska P, Niewinna K, Tarasiuk A, Mokrowiecka A, Wierzchniewska-\u0141awska A, Ma\u0142ecka-Panas E, Salaga M, Fichna J.\u00a0 Journal of Clinical Medicine 9 (2020) 4111.\u00a0<\/p>\n<p><strong>2021 r.\u00a0<\/strong><\/p>\n<p><em>Ghee Butter from Bovine Colostrum Reduces Inflammation in the Mouse Model of Acute Pancreatitis with Potential Involvement of Free Fatty Acid Receptors. <\/em>Aleksandra Tarasiuk, Marcin Talar, Jakub Fichna, Kamila Bulak. Nutrients 13 (2021) 3271.<\/p>\n<p class=\"x_MsoNormal\"><em>Activation of Free Fatty Acid Receptor 4 Affects Intestinal Inflammation and Improves Colon Permeability in Mice.\u00a0<\/em>Salaga M, Bartoszek A, Binienda A, Krajewska JB, Fabisiak A, Mosi\u0144ska P, Dziedziczak K, Niewinna K, Talar M, Tarasiuk A, Kordek R, Fichna J.\u00a0Nutrients. 13 (2021) 2716.<\/p>\n<p class=\"x_MsoNormal\"><i>Characterization of the Synergistic Effect between Ligands of Opioid and Free Fatty Acid Receptors in the Mouse Model of Colitis.<\/i> Binienda A, Makaro A, Talar M, Krajewska JB, Tarasiuk A, Bartoszek A, Fabisiak A, Mosi\u0144ska P, Niewinna K, Dziedziczak K, \u015awierczy\u0144ski M, Kordek R, Salaga M, Fichna J. Molecules 26 (2021) 6827.<\/p>\n<p><em>Current Advances for Development of Functional Foods Modulating Inflammation and Oxidative Stress.<\/em> Fatty acids from natural resources in inflammatory gastrointestinal diseases with specific focus on inflammatory bowel disease. Talar, M.; Tarasiuk, A.; Sa\u0142aga M.; Fichna J.\u00a0 Academic Press 2021.<\/p>\n<p><strong>2022 r.<\/strong><\/p>\n<p><em>Preventing bacterial translocation in patients with leaky gut syndrome: nutrition and pharmacological treatment options. <\/em><span style=\"font-style: inherit;\">Twardowska A., Makaro A., Binienda A., Fichna J., Sa\u0142aga M. International Journal of Molecular Sciences 23 (2022) 3204.<\/span><\/p>\n<p class=\"x_MsoNormal\">\n<\/div><div class=\"kc-elm kc-css-260478\" style=\"height: 12px; clear: both; width:100%;\"><\/div><\/div><\/div><\/div><\/div><\/section><section class=\"kc-elm kc-css-471519 kc_row\"><div class=\"kc-row-container  kc-container\"><div class=\"kc-wrap-columns\"><div class=\"kc-elm kc-css-646971 kc_col-sm-12 kc_column kc_col-sm-12\"><div class=\"kc-col-container\"><div class=\"kc-elm kc-css-874135 kc_text_block\"><\/p>\n<h3 style=\"margin: 0cm 0cm 9.6pt; line-height: 18pt; background-image: initial; background-position: initial; background-size: initial; background-repeat: initial; background-attachment: initial; background-origin: initial; background-clip: initial;\"><span style=\"font-size:16.5pt\">Konferencje<br \/>Naukowe<\/span><span style=\"font-size:16.5pt;font-family:\" source=\"\" sans=\"\" pro\",sans-serif;=\"\" color:#333333\"=\"\"><o:p><\/o:p><\/span><\/h3>\n<p>XXI Zjazd Polskiego Towarzystwa PATOLOG\u00d3W. 26-28 wrze\u015bnia 2019 r. Polska, Lublin. Sesja posterowa. Tytu\u0142 posteru: <em>&#8220;Dietary interventions with specified lipid content may represent a promising therapeutic utility for the treatment of irritable bowel syndrom\".&nbsp;<\/em><span style=\"font-style: inherit;\">Autorzy: Aleksandra Tarasiuk,&nbsp;Maciej Sa\u0142aga, Adrian Bartoszek, Agata Binienda, Adam Fabisiak, Julia B. Krajewska, Karolina Niewinna, Jakub Fichna, Paula Mosi\u0144ska.<\/span><\/p>\n<p>United European Gastroenterology (UEG WEEK). Hiszpania, Barcelona, 19-23 pa\u017adziernika 2019 r. Sesja posterowa. Tytu\u0142 posteru: &#8220;<em>Free Fatty Acid receptor agonists affect colonic epithelial ion transport in mouse colon\".&nbsp;<\/em><span style=\"font-style: inherit;\">Autorzy: Adrian Bartoszek,&nbsp;Agata Binienda, Adam Fabisiak, Julia B. Krajewska, Paula Mosi\u0144ska, Karolina Niewinna, Aleksandra Tarasiuk, Maciej Sa\u0142aga, Jakub Fichna.<\/span><\/p>\n<p>United European Gastroenterology (UEG WEEK). Hiszpania, Barcelona, 19-23 pa\u017adziernika 2019 r. Sesja posterowa. Tytu\u0142 posteru: &#8220;<em>Free fatty acid receptor type 4 ligands alleviate intestinal inflammation in mice\".&nbsp;<\/em><span style=\"font-style: inherit;\">Autorzy: Maciej Sa\u0142aga, Adrian Bartoszek, Agata Binienda, Adam Fabisiak, Julia Krajewska, Paula Mosi\u0144ska, Karolina Niewinna, Aleksandra Tarasiuk, Jakub Fichna.<\/span><\/p>\n<p>XXVIIIth Congress of the Polish Physiological Society. Wirtualnie. 15-17 pa\u017adziernika 2021 r. Tytu\u0142 prezentacji ustnej:&nbsp;&#8220;<em>Lipids and inflammatory bowel diseases &#8211; friends or foes\".&nbsp;<\/em><span style=\"font-style: inherit;\">Autorzy: Maciej Sa\u0142aga, Adrian Bartoszek, Agata Binienda, Adam Fabisiak, Julia Krajewska, Paula Mosi\u0144ska, Karolina Niewinna, Aleksandra Tarasiuk, Jakub Fichna.<\/span><\/p>\n<p>XXI Allergy, Asthma and Clinical Immunology Conference. Polska, \u0141\u00f3d\u017a, 23-25 czerwca 2022 r. Tytu\u0142 prezentacji ustnej: &#8220;<i>Mouse model of atopic dermatitis &#8211; challenges related to validation of an experimental animal model<\/i><em>&#8220;.&nbsp;<\/em><span style=\"font-style: inherit;\">Autorzy:&nbsp;<\/span><span style=\"font-style: inherit;\">Aleksandra Tarasiuk, Marcin Talar,&nbsp;<\/span><span style=\"font-style: inherit;\">Maciej Sa\u0142aga, Jakub Fichna.<\/span><\/p>\n<p>The Biochemistry Global Summit: 25th IUBMB Congress, 46th FEBS Congress and 15th PABMB Congress. Portugalia, Lizbona, 9-14 lipca 2022 r. Sesja posterowa. Tytu\u0142 posteru:&nbsp;&#8220;<i>Ghee butter from bovine colostrum reduces inflammation in dextran sulfate sodium-induced colitis in mice<\/i><em>&#8220;.&nbsp;<\/em><span style=\"font-style: inherit;\">Autorzy:&nbsp;<\/span><span style=\"font-style: inherit;\">Aleksandra Tarasiuk, Marcin Talar, Julia B. Krajewska, Agata Binienda, Adrian Bartoszek, Adam Fabisiak, Paula Mosi\u0144ska, Katarzyna Dziedziczak, Karolina Niewinna,&nbsp;<\/span><span style=\"font-style: inherit;\">Maciej Sa\u0142aga, Jakub Fichna.<\/span><\/p>\n<p><span style=\"font-style: inherit;\">United European Gastroenterology (UEG WEEK). Austria, Wiede\u0144, 8-12 pa\u017adziernika 2022 r. Sesja posterowa. Tytu\u0142 posteru: &#8220;<\/span><i>Ghee butter from bovine colostrum alleviates intestinal inflammation in dextran sulfate sodium-induced colitis in mice<\/i><em>&#8220;.&nbsp;<\/em><span style=\"font-style: inherit;\">Autorzy: Jakub Fichna, Maciej Sa\u0142aga, Marcin Talar, Aleksandra Tarasiuk.<\/span><\/p>\n<p>\n<\/div><\/div><\/div><\/div><\/div><\/section><\/p>\n","protected":false},"excerpt":{"rendered":"","protected":false},"author":2,"featured_media":0,"parent":0,"menu_order":0,"comment_status":"closed","ping_status":"closed","template":"template-sections.php","meta":{"footnotes":""},"class_list":["post-217","page","type-page","status-publish","hentry"],"_links":{"self":[{"href":"https:\/\/zakladbiochemii.umed.pl\/index.php\/wp-json\/wp\/v2\/pages\/217","targetHints":{"allow":["GET"]}}],"collection":[{"href":"https:\/\/zakladbiochemii.umed.pl\/index.php\/wp-json\/wp\/v2\/pages"}],"about":[{"href":"https:\/\/zakladbiochemii.umed.pl\/index.php\/wp-json\/wp\/v2\/types\/page"}],"author":[{"embeddable":true,"href":"https:\/\/zakladbiochemii.umed.pl\/index.php\/wp-json\/wp\/v2\/users\/2"}],"replies":[{"embeddable":true,"href":"https:\/\/zakladbiochemii.umed.pl\/index.php\/wp-json\/wp\/v2\/comments?post=217"}],"version-history":[{"count":54,"href":"https:\/\/zakladbiochemii.umed.pl\/index.php\/wp-json\/wp\/v2\/pages\/217\/revisions"}],"predecessor-version":[{"id":1244,"href":"https:\/\/zakladbiochemii.umed.pl\/index.php\/wp-json\/wp\/v2\/pages\/217\/revisions\/1244"}],"wp:attachment":[{"href":"https:\/\/zakladbiochemii.umed.pl\/index.php\/wp-json\/wp\/v2\/media?parent=217"}],"curies":[{"name":"wp","href":"https:\/\/api.w.org\/{rel}","templated":true}]}}